{"id":471,"date":"2025-10-02T06:54:01","date_gmt":"2025-10-02T05:54:01","guid":{"rendered":"https:\/\/algoris-mauritius.com\/?page_id=471"},"modified":"2026-04-11T08:49:29","modified_gmt":"2026-04-11T07:49:29","slug":"paillettes-sachet-de-100g","status":"publish","type":"page","link":"https:\/\/algoris-mauritius.com\/en\/paillettes-sachet-de-100g\/","title":{"rendered":"Paillettes Sachet de 100g"},"content":{"rendered":"<div data-elementor-type=\"wp-page\" data-elementor-id=\"471\" class=\"elementor elementor-471\" data-elementor-post-type=\"page\">\n\t\t\t\t<div class=\"elementor-element elementor-element-fb6fc68 e-flex e-con-boxed e-con e-parent\" data-id=\"fb6fc68\" data-element_type=\"container\">\n\t\t\t\t\t<div class=\"e-con-inner\">\n\t\t<div class=\"elementor-element elementor-element-d873e39 e-con-full e-flex e-con e-child\" data-id=\"d873e39\" data-element_type=\"container\">\n\t\t\t\t<div class=\"elementor-element elementor-element-7f0b3cd elementor-widget elementor-widget-image\" data-id=\"7f0b3cd\" data-element_type=\"widget\" data-widget_type=\"image.default\">\n\t\t\t\t<div class=\"elementor-widget-container\">\n\t\t\t\t\t\t\t\t\t\t\t\t\t\t\t<img fetchpriority=\"high\" decoding=\"async\" width=\"1000\" height=\"1000\" src=\"https:\/\/algoris-mauritius.com\/wp-content\/uploads\/2025\/10\/1.jpg\" class=\"attachment-full size-full wp-image-462\" alt=\"\" srcset=\"https:\/\/algoris-mauritius.com\/wp-content\/uploads\/2025\/10\/1.jpg 1000w, https:\/\/algoris-mauritius.com\/wp-content\/uploads\/2025\/10\/1-300x300.jpg 300w, https:\/\/algoris-mauritius.com\/wp-content\/uploads\/2025\/10\/1-150x150.jpg 150w, https:\/\/algoris-mauritius.com\/wp-content\/uploads\/2025\/10\/1-768x768.jpg 768w, https:\/\/algoris-mauritius.com\/wp-content\/uploads\/2025\/10\/1-600x600.jpg 600w\" sizes=\"(max-width: 1000px) 100vw, 1000px\" \/>\t\t\t\t\t\t\t\t\t\t\t\t\t\t\t<\/div>\n\t\t\t\t<\/div>\n\t\t\t\t<\/div>\n\t\t<div class=\"elementor-element elementor-element-05191a4 e-con-full e-flex e-con e-child\" data-id=\"05191a4\" data-element_type=\"container\">\n\t\t\t\t<div class=\"elementor-element elementor-element-d639c7f elementor-widget elementor-widget-spacer\" data-id=\"d639c7f\" data-element_type=\"widget\" data-widget_type=\"spacer.default\">\n\t\t\t\t<div class=\"elementor-widget-container\">\n\t\t\t\t\t\t\t<div class=\"elementor-spacer\">\n\t\t\t<div class=\"elementor-spacer-inner\"><\/div>\n\t\t<\/div>\n\t\t\t\t\t\t<\/div>\n\t\t\t\t<\/div>\n\t\t\t\t<div class=\"elementor-element elementor-element-4824e9e elementor-widget elementor-widget-heading\" data-id=\"4824e9e\" data-element_type=\"widget\" data-widget_type=\"heading.default\">\n\t\t\t\t<div class=\"elementor-widget-container\">\n\t\t\t\t\t<h2 class=\"elementor-heading-title elementor-size-default\">Paillettes Sachet de 100g<\/h2>\t\t\t\t<\/div>\n\t\t\t\t<\/div>\n\t\t\t\t<div class=\"elementor-element elementor-element-4317eef elementor-widget elementor-widget-text-editor\" data-id=\"4317eef\" data-element_type=\"widget\" data-widget_type=\"text-editor.default\">\n\t\t\t\t<div class=\"elementor-widget-container\">\n\t\t\t\t\t\t\t\t\t<p><strong>The composition of our spirulina:\u00a0<\/strong><a href=\"https:\/\/algoris-mauritius.com\/wp-content\/uploads\/2025\/10\/ALGORIS-Sachet-100g-2025-Artwork-8.9mg-3.pdf\" target=\"_blank\" rel=\"noopener\">Click here<\/a><\/p>\t\t\t\t\t\t\t\t<\/div>\n\t\t\t\t<\/div>\n\t\t\t\t<div class=\"elementor-element elementor-element-afa8ca6 elementor-widget__width-initial elementor-widget elementor-widget-text-editor\" data-id=\"afa8ca6\" data-element_type=\"widget\" data-widget_type=\"text-editor.default\">\n\t\t\t\t<div class=\"elementor-widget-container\">\n\t\t\t\t\t\t\t\t\t<p><strong>The benefits of spirulina:<\/strong> Watch the video below<\/p>\t\t\t\t\t\t\t\t<\/div>\n\t\t\t\t<\/div>\n\t\t\t\t<div class=\"elementor-element elementor-element-8bb1655 elementor-widget elementor-widget-video\" data-id=\"8bb1655\" data-element_type=\"widget\" data-settings=\"{&quot;youtube_url&quot;:&quot;https:\\\/\\\/youtube.com\\\/shorts\\\/nBwYmWQ3yqQ&quot;,&quot;yt_privacy&quot;:&quot;yes&quot;,&quot;video_type&quot;:&quot;youtube&quot;,&quot;controls&quot;:&quot;yes&quot;}\" data-widget_type=\"video.default\">\n\t\t\t\t<div class=\"elementor-widget-container\">\n\t\t\t\t\t\t\t<div class=\"elementor-wrapper elementor-open-inline\">\n\t\t\t<div class=\"elementor-video\"><\/div>\t\t<\/div>\n\t\t\t\t\t\t<\/div>\n\t\t\t\t<\/div>\n\t\t\t\t<div class=\"elementor-element elementor-element-1a3eed4 elementor-widget elementor-widget-text-editor\" data-id=\"1a3eed4\" data-element_type=\"widget\" data-widget_type=\"text-editor.default\">\n\t\t\t\t<div class=\"elementor-widget-container\">\n\t\t\t\t\t\t\t\t\t<p class=\"p1\"><strong>Dosage:<\/strong> Take a maximum of one tablespoon per day, preferably in the morning.<\/p>\t\t\t\t\t\t\t\t<\/div>\n\t\t\t\t<\/div>\n\t\t\t\t<div class=\"elementor-element elementor-element-855b8b9 elementor-align-center elementor-widget elementor-widget-button\" data-id=\"855b8b9\" data-element_type=\"widget\" data-widget_type=\"button.default\">\n\t\t\t\t<div class=\"elementor-widget-container\">\n\t\t\t\t\t\t\t\t\t<div class=\"elementor-button-wrapper\">\n\t\t\t\t\t<a class=\"elementor-button elementor-button-link elementor-size-sm\" href=\"https:\/\/algoris-mauritius.com\/en\/contact\/\">\n\t\t\t\t\t\t<span class=\"elementor-button-content-wrapper\">\n\t\t\t\t\t\t\t\t\t<span class=\"elementor-button-text\">Order now<\/span>\n\t\t\t\t\t<\/span>\n\t\t\t\t\t<\/a>\n\t\t\t\t<\/div>\n\t\t\t\t\t\t\t\t<\/div>\n\t\t\t\t<\/div>\n\t\t\t\t<\/div>\n\t\t\t\t\t<\/div>\n\t\t\t\t<\/div>\n\t\t<div class=\"elementor-element elementor-element-9a7e094 e-flex e-con-boxed e-con e-parent\" data-id=\"9a7e094\" data-element_type=\"container\">\n\t\t\t\t\t<div class=\"e-con-inner\">\n\t\t\t\t<div class=\"elementor-element elementor-element-98c5046 elementor-widget-divider--view-line elementor-widget elementor-widget-divider\" data-id=\"98c5046\" data-element_type=\"widget\" data-widget_type=\"divider.default\">\n\t\t\t\t<div class=\"elementor-widget-container\">\n\t\t\t\t\t\t\t<div class=\"elementor-divider\">\n\t\t\t<span class=\"elementor-divider-separator\">\n\t\t\t\t\t\t<\/span>\n\t\t<\/div>\n\t\t\t\t\t\t<\/div>\n\t\t\t\t<\/div>\n\t\t\t\t\t<\/div>\n\t\t\t\t<\/div>\n\t\t<div class=\"elementor-element elementor-element-a38c795 e-con-full e-flex e-con e-parent\" data-id=\"a38c795\" data-element_type=\"container\">\n\t\t<div class=\"elementor-element elementor-element-59dd54d e-con-full e-flex e-con e-child\" data-id=\"59dd54d\" data-element_type=\"container\">\n\t\t\t\t<div class=\"elementor-element elementor-element-fb86180 elementor-hidden-mobile elementor-widget elementor-widget-spacer\" data-id=\"fb86180\" data-element_type=\"widget\" data-widget_type=\"spacer.default\">\n\t\t\t\t<div class=\"elementor-widget-container\">\n\t\t\t\t\t\t\t<div class=\"elementor-spacer\">\n\t\t\t<div class=\"elementor-spacer-inner\"><\/div>\n\t\t<\/div>\n\t\t\t\t\t\t<\/div>\n\t\t\t\t<\/div>\n\t\t\t\t<div class=\"elementor-element elementor-element-b7490a2 elementor-widget elementor-widget-heading\" data-id=\"b7490a2\" data-element_type=\"widget\" data-widget_type=\"heading.default\">\n\t\t\t\t<div class=\"elementor-widget-container\">\n\t\t\t\t\t<h2 class=\"elementor-heading-title elementor-size-default\">How should spirulina flakes\/powder be consumed?<\/h2>\t\t\t\t<\/div>\n\t\t\t\t<\/div>\n\t\t\t\t<div class=\"elementor-element elementor-element-08d6928 elementor-widget elementor-widget-text-editor\" data-id=\"08d6928\" data-element_type=\"widget\" data-widget_type=\"text-editor.default\">\n\t\t\t\t<div class=\"elementor-widget-container\">\n\t\t\t\t\t\t\t\t\t<ul><li>Take spirulina directly from the spoon.<br \/><br \/><\/li><li>Dilute spirulina in water, fruit juice, or milk with cereal.<br \/><br \/><\/li><li>Mix spirulina with plain yogurt.<br \/><br \/><\/li><li>Sprinkle spirulina on a salad.<br \/><br \/><\/li><li>Mix spirulina into a smoothie.<\/li><\/ul>\t\t\t\t\t\t\t\t<\/div>\n\t\t\t\t<\/div>\n\t\t\t\t<div class=\"elementor-element elementor-element-5d893fc elementor-widget elementor-widget-heading\" data-id=\"5d893fc\" data-element_type=\"widget\" data-widget_type=\"heading.default\">\n\t\t\t\t<div class=\"elementor-widget-container\">\n\t\t\t\t\t<h2 class=\"elementor-heading-title elementor-size-default\">Recipe for a spirulina smoothie <\/h2>\t\t\t\t<\/div>\n\t\t\t\t<\/div>\n\t\t\t\t<div class=\"elementor-element elementor-element-e4ad436 elementor-widget elementor-widget-text-editor\" data-id=\"e4ad436\" data-element_type=\"widget\" data-widget_type=\"text-editor.default\">\n\t\t\t\t<div class=\"elementor-widget-container\">\n\t\t\t\t\t\t\t\t\t<ul><li>Freshly squeezed orange juice (4 oranges)<br \/><br \/><\/li><li>Freshly squeezed lemon juice (1\/2 lemon)<br \/><br \/><\/li><li>2 bananas, cut into small pieces<br \/><br \/><\/li><li>1 tablespoon of honey<br \/><br \/><\/li><li>1 tablespoon spirulina flakes<br \/><br \/><\/li><li>Blend everything together and enjoy chilled<\/li><\/ul>\t\t\t\t\t\t\t\t<\/div>\n\t\t\t\t<\/div>\n\t\t\t\t<div class=\"elementor-element elementor-element-6efcfe3 elementor-widget elementor-widget-text-editor\" data-id=\"6efcfe3\" data-element_type=\"widget\" data-widget_type=\"text-editor.default\">\n\t\t\t\t<div class=\"elementor-widget-container\">\n\t\t\t\t\t\t\t\t\t<p>Note: Do not mix spirulina with hot food or drinks, as this will damage its components.<\/p>\t\t\t\t\t\t\t\t<\/div>\n\t\t\t\t<\/div>\n\t\t\t\t<\/div>\n\t\t<div class=\"elementor-element elementor-element-095d376 e-con-full e-flex e-con e-child\" data-id=\"095d376\" data-element_type=\"container\">\n\t\t\t\t<div class=\"elementor-element elementor-element-32c0c9b elementor-widget elementor-widget-image\" data-id=\"32c0c9b\" data-element_type=\"widget\" data-widget_type=\"image.default\">\n\t\t\t\t<div class=\"elementor-widget-container\">\n\t\t\t\t\t\t\t\t\t\t\t\t\t\t\t<img decoding=\"async\" width=\"1434\" height=\"2560\" src=\"https:\/\/algoris-mauritius.com\/wp-content\/uploads\/2025\/10\/Smoothie-au-spiruline-verticale-scaled.jpg\" class=\"attachment-full size-full wp-image-661\" alt=\"\" srcset=\"https:\/\/algoris-mauritius.com\/wp-content\/uploads\/2025\/10\/Smoothie-au-spiruline-verticale-scaled.jpg 1434w, https:\/\/algoris-mauritius.com\/wp-content\/uploads\/2025\/10\/Smoothie-au-spiruline-verticale-168x300.jpg 168w, https:\/\/algoris-mauritius.com\/wp-content\/uploads\/2025\/10\/Smoothie-au-spiruline-verticale-573x1024.jpg 573w, https:\/\/algoris-mauritius.com\/wp-content\/uploads\/2025\/10\/Smoothie-au-spiruline-verticale-768x1371.jpg 768w, https:\/\/algoris-mauritius.com\/wp-content\/uploads\/2025\/10\/Smoothie-au-spiruline-verticale-860x1536.jpg 860w, https:\/\/algoris-mauritius.com\/wp-content\/uploads\/2025\/10\/Smoothie-au-spiruline-verticale-1147x2048.jpg 1147w\" sizes=\"(max-width: 1434px) 100vw, 1434px\" \/>\t\t\t\t\t\t\t\t\t\t\t\t\t\t\t<\/div>\n\t\t\t\t<\/div>\n\t\t\t\t<\/div>\n\t\t\t\t<\/div>\n\t\t<div class=\"elementor-element elementor-element-d5d73c8 e-flex e-con-boxed e-con e-parent\" data-id=\"d5d73c8\" data-element_type=\"container\">\n\t\t\t\t\t<div class=\"e-con-inner\">\n\t\t\t\t<div class=\"elementor-element elementor-element-0ccdc96 elementor-widget elementor-widget-spacer\" data-id=\"0ccdc96\" data-element_type=\"widget\" data-widget_type=\"spacer.default\">\n\t\t\t\t<div class=\"elementor-widget-container\">\n\t\t\t\t\t\t\t<div class=\"elementor-spacer\">\n\t\t\t<div class=\"elementor-spacer-inner\"><\/div>\n\t\t<\/div>\n\t\t\t\t\t\t<\/div>\n\t\t\t\t<\/div>\n\t\t\t\t\t<\/div>\n\t\t\t\t<\/div>\n\t\t\t\t<\/div>","protected":false},"excerpt":{"rendered":"<p>Paillettes Sachet de 100g La composition de notre spiruline:\u00a0Cliquez ici Les bienfaits de la spiruline: Regardez la vid\u00e9o ci-dessous https:\/\/youtube.com\/shorts\/nBwYmWQ3yqQ Posologie: Prendre maximum une cuill\u00e8re \u00e0 soupe\u00a0 par jour de pr\u00e9f\u00e9rence le matin. Commandez d\u00e8s maintenant Comment consommer la spiruline en paillettes \/ poudre ? Prendre la spiruline directement \u00e0 la cuill\u00e8re. Diluer la spiruline [&hellip;]<\/p>","protected":false},"author":2,"featured_media":0,"parent":0,"menu_order":0,"comment_status":"closed","ping_status":"closed","template":"","meta":{"ocean_post_layout":"","ocean_both_sidebars_style":"","ocean_both_sidebars_content_width":0,"ocean_both_sidebars_sidebars_width":0,"ocean_sidebar":"","ocean_second_sidebar":"","ocean_disable_margins":"enable","ocean_add_body_class":"","ocean_shortcode_before_top_bar":"","ocean_shortcode_after_top_bar":"","ocean_shortcode_before_header":"","ocean_shortcode_after_header":"","ocean_has_shortcode":"","ocean_shortcode_after_title":"","ocean_shortcode_before_footer_widgets":"","ocean_shortcode_after_footer_widgets":"","ocean_shortcode_before_footer_bottom":"","ocean_shortcode_after_footer_bottom":"","ocean_display_top_bar":"default","ocean_display_header":"default","ocean_header_style":"","ocean_center_header_left_menu":"","ocean_custom_header_template":"","ocean_custom_logo":0,"ocean_custom_retina_logo":0,"ocean_custom_logo_max_width":0,"ocean_custom_logo_tablet_max_width":0,"ocean_custom_logo_mobile_max_width":0,"ocean_custom_logo_max_height":0,"ocean_custom_logo_tablet_max_height":0,"ocean_custom_logo_mobile_max_height":0,"ocean_header_custom_menu":"","ocean_menu_typo_font_family":"","ocean_menu_typo_font_subset":"","ocean_menu_typo_font_size":0,"ocean_menu_typo_font_size_tablet":0,"ocean_menu_typo_font_size_mobile":0,"ocean_menu_typo_font_size_unit":"px","ocean_menu_typo_font_weight":"","ocean_menu_typo_font_weight_tablet":"","ocean_menu_typo_font_weight_mobile":"","ocean_menu_typo_transform":"","ocean_menu_typo_transform_tablet":"","ocean_menu_typo_transform_mobile":"","ocean_menu_typo_line_height":0,"ocean_menu_typo_line_height_tablet":0,"ocean_menu_typo_line_height_mobile":0,"ocean_menu_typo_line_height_unit":"","ocean_menu_typo_spacing":0,"ocean_menu_typo_spacing_tablet":0,"ocean_menu_typo_spacing_mobile":0,"ocean_menu_typo_spacing_unit":"","ocean_menu_link_color":"","ocean_menu_link_color_hover":"","ocean_menu_link_color_active":"","ocean_menu_link_background":"","ocean_menu_link_hover_background":"","ocean_menu_link_active_background":"","ocean_menu_social_links_bg":"","ocean_menu_social_hover_links_bg":"","ocean_menu_social_links_color":"","ocean_menu_social_hover_links_color":"","ocean_disable_title":"default","ocean_disable_heading":"default","ocean_post_title":"","ocean_post_subheading":"","ocean_post_title_style":"","ocean_post_title_background_color":"","ocean_post_title_background":0,"ocean_post_title_bg_image_position":"","ocean_post_title_bg_image_attachment":"","ocean_post_title_bg_image_repeat":"","ocean_post_title_bg_image_size":"","ocean_post_title_height":0,"ocean_post_title_bg_overlay":0.5,"ocean_post_title_bg_overlay_color":"","ocean_disable_breadcrumbs":"default","ocean_breadcrumbs_color":"","ocean_breadcrumbs_separator_color":"","ocean_breadcrumbs_links_color":"","ocean_breadcrumbs_links_hover_color":"","ocean_display_footer_widgets":"default","ocean_display_footer_bottom":"default","ocean_custom_footer_template":"","osh_disable_topbar_sticky":"default","osh_disable_header_sticky":"default","osh_sticky_header_style":"default","osh_sticky_header_effect":"","osh_custom_sticky_logo":0,"osh_custom_retina_sticky_logo":0,"osh_custom_sticky_logo_height":0,"osh_background_color":"","osh_links_color":"","osh_links_hover_color":"","osh_links_active_color":"","osh_links_bg_color":"","osh_links_hover_bg_color":"","osh_links_active_bg_color":"","osh_menu_social_links_color":"","osh_menu_social_hover_links_color":"","footnotes":""},"class_list":["post-471","page","type-page","status-publish","hentry","entry"],"_links":{"self":[{"href":"https:\/\/algoris-mauritius.com\/en\/wp-json\/wp\/v2\/pages\/471","targetHints":{"allow":["GET"]}}],"collection":[{"href":"https:\/\/algoris-mauritius.com\/en\/wp-json\/wp\/v2\/pages"}],"about":[{"href":"https:\/\/algoris-mauritius.com\/en\/wp-json\/wp\/v2\/types\/page"}],"author":[{"embeddable":true,"href":"https:\/\/algoris-mauritius.com\/en\/wp-json\/wp\/v2\/users\/2"}],"replies":[{"embeddable":true,"href":"https:\/\/algoris-mauritius.com\/en\/wp-json\/wp\/v2\/comments?post=471"}],"version-history":[{"count":85,"href":"https:\/\/algoris-mauritius.com\/en\/wp-json\/wp\/v2\/pages\/471\/revisions"}],"predecessor-version":[{"id":1197,"href":"https:\/\/algoris-mauritius.com\/en\/wp-json\/wp\/v2\/pages\/471\/revisions\/1197"}],"wp:attachment":[{"href":"https:\/\/algoris-mauritius.com\/en\/wp-json\/wp\/v2\/media?parent=471"}],"curies":[{"name":"wp","href":"https:\/\/api.w.org\/{rel}","templated":true}]}}